{"id":3253,"date":"2020-12-28T18:10:58","date_gmt":"2020-12-28T18:10:58","guid":{"rendered":"http:\/\/spinning.com.tr\/about-2\/"},"modified":"2025-12-29T07:40:02","modified_gmt":"2025-12-29T07:40:02","slug":"privacy-center","status":"publish","type":"page","link":"https:\/\/spinning.com.tr\/tr\/privacy-center\/","title":{"rendered":"Gizlilik Merkezi"},"content":{"rendered":"<div data-vc-full-width=\"true\" data-vc-full-width-init=\"false\" class=\"vc_row wpb_row vc_row-fluid about-section about-page vc_custom_1531366134122\"><div class=\"wpb_column vc_column_container vc_col-sm-12\"><div class=\"vc_column-inner\"><div class=\"wpb_wrapper\">\n<div class=\"sec-title\">\n\t<div class=\"tag-line\">Working globally since 1990<\/div><!-- \/.tag-line -->\n\t<h2><\/p>\n<h2><span style=\"color: #339966\"><span style=\"color: #000000\">spinning.com.tr<\/span> <span style=\"color: #000000\">|<\/span> clover<span style=\"color: #ff0000\">\u00ae<\/span><\/span><\/h2>\n<p><\/h2>\n<\/div>\n\n\t<div class=\"wpb_text_column wpb_content_element\" >\n\t\t<div class=\"wpb_wrapper\">\n\t\t\t<div class=\"wordpress-gdpr-privacy-center\"><div class=\"wordpress-gdpr-privacy-center-items\"><a href=\"https:\/\/spinning.com.tr\/tr\/contact-dpo-page\/\" class=\"wordpress-gdpr-privacy-center-item\"><div class=\"wordpress-gdpr-privacy-center-item-contactDPO\"><i class=\"fa fa-user-circle-o\"><\/i><h2 class=\"wordpress-gdpr-privacy-center-item-headline\">Veri Koruma G\u00f6revlimizle \u0130leti\u015fime Ge\u00e7in<\/h2><p class=\"wordpress-gdpr-privacy-center-item-desc\">Contact our Data Protection Officer.<\/p><div class=\"wordpress-gdpr-privacy-center-item-action\">Learn More<\/div><\/div><\/a><a href=\"https:\/\/spinning.com.tr\/tr\/cookie-policy-page\/\" class=\"wordpress-gdpr-privacy-center-item\"><div class=\"wordpress-gdpr-privacy-center-item-cookiePolicy\"><i class=\"fa  fa-list-alt\"><\/i><h2 class=\"wordpress-gdpr-privacy-center-item-headline\">\u00c7erez Politikas\u0131<\/h2><p class=\"wordpress-gdpr-privacy-center-item-desc\">Read more about our Cookie Policy.<\/p><div class=\"wordpress-gdpr-privacy-center-item-action\">Learn More<\/div><\/div><\/a><a href=\"https:\/\/spinning.com.tr\/tr\/disclaimer-page\/\" class=\"wordpress-gdpr-privacy-center-item wordpress-gdpr-privacy-center-item-last\"><div class=\"wordpress-gdpr-privacy-center-item-disclaimer\"><i class=\"fa fa-gavel\"><\/i><h2 class=\"wordpress-gdpr-privacy-center-item-headline\">Feragatname<\/h2><p class=\"wordpress-gdpr-privacy-center-item-desc\">Learn more about our liabilities.<\/p><div class=\"wordpress-gdpr-privacy-center-item-action\">Learn More<\/div><\/div><\/a><a href=\"https:\/\/spinning.com.tr\/tr\/imprint-page\/\" class=\"wordpress-gdpr-privacy-center-item\"><div class=\"wordpress-gdpr-privacy-center-item-imprint\"><i class=\"fa fa-file-text-o\"><\/i><h2 class=\"wordpress-gdpr-privacy-center-item-headline\">K\u00fcnye<\/h2><p class=\"wordpress-gdpr-privacy-center-item-desc\">Learn about our ownership and authorship.<\/p><div class=\"wordpress-gdpr-privacy-center-item-action\">Learn More<\/div><\/div><\/a><a href=\"https:\/\/spinning.com.tr\/tr\/media-credits-page\/\" class=\"wordpress-gdpr-privacy-center-item\"><div class=\"wordpress-gdpr-privacy-center-item-mediaCredits\"><i class=\"fa fa-file-image-o\"><\/i><h2 class=\"wordpress-gdpr-privacy-center-item-headline\">Medya Kredileri<\/h2><p class=\"wordpress-gdpr-privacy-center-item-desc\">Get to know the Credits of our Media.<\/p><div class=\"wordpress-gdpr-privacy-center-item-action\">Learn More<\/div><\/div><\/a><a href=\"https:\/\/spinning.com.tr\/tr\/request-data-archive-page\/\" class=\"wordpress-gdpr-privacy-center-item wordpress-gdpr-privacy-center-item-last\"><div class=\"wordpress-gdpr-privacy-center-item-requestData\"><i class=\"fa fa-database\"><\/i><h2 class=\"wordpress-gdpr-privacy-center-item-headline\">Request Data<\/h2><p class=\"wordpress-gdpr-privacy-center-item-desc\">Submit a request to get a copy of all your data stored.<\/p><div class=\"wordpress-gdpr-privacy-center-item-action\">Learn More<\/div><\/div><\/a><a href=\"https:\/\/spinning.com.tr\/tr\/privacy-policy-page\/\" class=\"wordpress-gdpr-privacy-center-item\"><div class=\"wordpress-gdpr-privacy-center-item-privacyPolicy\"><i class=\"fa fa-file-text\"><\/i><h2 class=\"wordpress-gdpr-privacy-center-item-headline\">Gizlilik Politikas\u0131<\/h2><p class=\"wordpress-gdpr-privacy-center-item-desc\">Read about our Privacy Policy here.<\/p><div class=\"wordpress-gdpr-privacy-center-item-action\">Learn More<\/div><\/div><\/a><a href=\"#\" class=\"wordpress-gdpr-privacy-center-item wordpress-gdpr-open-privacy-settings-modal\"><div class=\"wordpress-gdpr-privacy-center-item-privacySettings\"><i class=\"fa fa-user-secret\"><\/i><h2 class=\"wordpress-gdpr-privacy-center-item-headline\">Gizlilik ayarlar\u0131<\/h2><p class=\"wordpress-gdpr-privacy-center-item-desc\">Configure your personal privacy settings here.<\/p><div class=\"wordpress-gdpr-privacy-center-item-action\">Learn More<\/div><\/div><\/a><a href=\"https:\/\/spinning.com.tr\/tr\/terms-conditions-page\/\" class=\"wordpress-gdpr-privacy-center-item wordpress-gdpr-privacy-center-item-last\"><div class=\"wordpress-gdpr-privacy-center-item-termsConditions\"><i class=\"fa fa-align-left\"><\/i><h2 class=\"wordpress-gdpr-privacy-center-item-headline\">\u015eartlar ve Ko\u015fullar<\/h2><p class=\"wordpress-gdpr-privacy-center-item-desc\">Read more about the Terms & Conditions of our website.<\/p><div class=\"wordpress-gdpr-privacy-center-item-action\">Learn More<\/div><\/div><\/a><\/div><\/div>\n\n\t\t<\/div>\n\t<\/div>\n<div class=\"vc_empty_space\"   style=\"height: 30px\"><span class=\"vc_empty_space_inner\"><\/span><\/div><\/div><\/div><\/div><\/div><div class=\"vc_row-full-width vc_clearfix\"><\/div><div data-vc-full-width=\"true\" data-vc-full-width-init=\"false\" class=\"vc_row wpb_row vc_row-fluid mission-history-area vc_custom_1531366187529\"><div class=\"sec-title wpb_column vc_column_container vc_col-sm-6\"><div class=\"vc_column-inner\"><div class=\"wpb_wrapper\">\n\t<div class=\"wpb_text_column wpb_content_element\" >\n\t\t<div class=\"wpb_wrapper\">\n\t\t\t<h3>Amac\u0131m\u0131z<\/h3>\n<div class=\"line\"><\/div>\n\n\t\t<\/div>\n\t<\/div>\n\n\t<div class=\"wpb_text_column wpb_content_element  misson-content\" >\n\t\t<div class=\"wpb_wrapper\">\n\t\t\t<p>Marka imaj\u0131m\u0131z\u0131 en \u00fcst seviyede devam ettirmek i\u00e7in, kaliteyi en \u00f6nde tutarak, en uygun fiyata en iyi hizmet vermek.<\/p>\n<p>M\u00fcmk\u00fcn olan en iyi m\u00fc\u015fteri hizmetini sa\u011flamak.<\/p>\n<p>Daha geni\u015f vizyona ula\u015fmak ve bu vizyonu s\u00fcrd\u00fcrmek i\u00e7in yeni ortakl\u0131klar kurmak.<\/p>\n\n\t\t<\/div>\n\t<\/div>\n<\/div><\/div><\/div><div class=\"sec-title wpb_column vc_column_container vc_col-sm-6\"><div class=\"vc_column-inner\"><div class=\"wpb_wrapper\">\n\t<div class=\"wpb_text_column wpb_content_element\" >\n\t\t<div class=\"wpb_wrapper\">\n\t\t\t<h3>Vizyonumuz<\/h3>\n<div class=\"line\"><\/div>\n\n\t\t<\/div>\n\t<\/div>\n\n\t<div class=\"wpb_text_column wpb_content_element\" >\n\t\t<div class=\"wpb_wrapper\">\n\t\t\t<p>\u00dcretim yaparken ve \u00e7\u00f6z\u00fcm \u00fcretirken en g\u00fcvenilir i\u015f orta\u011f\u0131 olmak.<\/p>\n\n\t\t<\/div>\n\t<\/div>\n\n\t<div class=\"wpb_text_column wpb_content_element\" >\n\t\t<div class=\"wpb_wrapper\">\n\t\t\t<h3>Our Purpose<\/h3>\n<div class=\"line\"><\/div>\n\n\t\t<\/div>\n\t<\/div>\n\n\t<div class=\"wpb_text_column wpb_content_element\" >\n\t\t<div class=\"wpb_wrapper\">\n\t\t\t<p>\u0130\u015f hayat\u0131na kalite ve s\u00fcrd\u00fcr\u00fclebilirlik getirmek.<\/p>\n\n\t\t<\/div>\n\t<\/div>\n<\/div><\/div><\/div><\/div><div class=\"vc_row-full-width vc_clearfix\"><\/div><div data-vc-full-width=\"true\" data-vc-full-width-init=\"false\" class=\"vc_row wpb_row vc_row-fluid mission-history-area vc_custom_1531366187529\"><div class=\"sec-title wpb_column vc_column_container vc_col-sm-12\"><div class=\"vc_column-inner\"><div class=\"wpb_wrapper\">\n\t<div class=\"wpb_text_column wpb_content_element\" >\n\t\t<div class=\"wpb_wrapper\">\n\t\t\t<h3 style=\"text-align: center;\">De\u011ferlerimiz<\/h3>\n<div class=\"line\" style=\"text-align: center;\"><\/div>\n\n\t\t<\/div>\n\t<\/div>\n\n\t<div class=\"wpb_text_column wpb_content_element  misson-content\" >\n\t\t<div class=\"wpb_wrapper\">\n\t\t\t<p style=\"text-align: center;\">Fairness<br \/>\n\u00d6zen<br \/>\nD\u00fcr\u00fcstl\u00fck<br \/>\n<span style=\"letter-spacing: 0.48px;\">B\u00fct\u00fcnl\u00fck<\/span><br style=\"letter-spacing: 0.48px;\" \/><span style=\"letter-spacing: 0.48px;\">Sayg\u0131<\/span><br style=\"letter-spacing: 0.48px;\" \/><span style=\"letter-spacing: 0.48px;\">Sorumluluk<\/span><\/p>\n\n\t\t<\/div>\n\t<\/div>\n<\/div><\/div><\/div><\/div><div class=\"vc_row-full-width vc_clearfix\"><\/div><div data-vc-full-width=\"true\" data-vc-full-width-init=\"false\" class=\"vc_row wpb_row vc_row-fluid fun-fact-area dark-v vc_custom_1532091802187\"><div class=\"wpb_column vc_column_container vc_col-sm-3\"><div class=\"vc_column-inner vc_custom_1531118161332\"><div class=\"wpb_wrapper\">\n\t<div class=\"wpb_text_column wpb_content_element\" >\n\t\t<div class=\"wpb_wrapper\">\n\t\t\t<h3 class=\"title\">Kurulu\u015f.<br \/>\n1990<\/h3>\n\n\t\t<\/div>\n\t<\/div>\n<\/div><\/div><\/div><div class=\"wpb_column vc_column_container vc_col-sm-3\"><div class=\"vc_column-inner vc_custom_1531117825631\"><div class=\"wpb_wrapper\"><div class=\"single-fun-fact\">\n\t<div class=\"line\"><\/div><!-- \/.line -->\n\t<span class=\"number\"><\/span>\n\t<span class=\"number counter\">35<\/span>\n\t<p>. Faaliyet Y\u0131l\u0131<\/p>\n<\/div><\/div><\/div><\/div><div class=\"wpb_column vc_column_container vc_col-sm-3\"><div class=\"vc_column-inner vc_custom_1531117832989\"><div class=\"wpb_wrapper\"><div class=\"single-fun-fact\">\n\t<div class=\"line\"><\/div><!-- \/.line -->\n\t<span class=\"number\"><\/span>\n\t<span class=\"number counter\">100%<\/span>\n\t<p>m\u00fc\u015fteri memnuniyeti.<\/p>\n<\/div><\/div><\/div><\/div><div class=\"wpb_column vc_column_container vc_col-sm-3\"><div class=\"vc_column-inner vc_custom_1531117837291\"><div class=\"wpb_wrapper\"><div class=\"single-fun-fact\">\n\t<div class=\"line\"><\/div><!-- \/.line -->\n\t<span class=\"number\"><\/span>\n\t<span class=\"number counter\">7\/24<\/span>\n\t<p>G\u00f6revdeyiz.<\/p>\n<\/div><\/div><\/div><\/div><\/div><div class=\"vc_row-full-width vc_clearfix\"><\/div><div data-vc-full-width=\"true\" data-vc-full-width-init=\"false\" class=\"vc_row wpb_row vc_row-fluid advisor-area home-page-two sec-pad vc_custom_1531366648532 vc_row-has-fill\"><div class=\"sec-title two wpb_column vc_column_container vc_col-sm-3\"><div class=\"vc_column-inner\"><div class=\"wpb_wrapper\"><\/div><\/div><\/div><div class=\"wpb_column vc_column_container vc_col-sm-3\"><div class=\"vc_column-inner\"><div class=\"wpb_wrapper\"><\/div><\/div><\/div><div class=\"wpb_column vc_column_container vc_col-sm-3\"><div class=\"vc_column-inner\"><div class=\"wpb_wrapper\"><\/div><\/div><\/div><div class=\"wpb_column vc_column_container vc_col-sm-3\"><div class=\"vc_column-inner\"><div class=\"wpb_wrapper\"><\/div><\/div><\/div><\/div><div class=\"vc_row-full-width vc_clearfix\"><\/div><div data-vc-full-width=\"true\" data-vc-full-width-init=\"false\" data-vc-stretch-content=\"true\" class=\"vc_row wpb_row vc_row-fluid vc_row-no-padding\"><div class=\"wpb_column vc_column_container vc_col-sm-12\"><div class=\"vc_column-inner vc_custom_1532089334274\"><div class=\"wpb_wrapper\">\t\t<div class=\"tt-post-wrapper\">\n\t\t\n<section class=\"testimonial-style-one\">\n    <div class=\"thm-container\">\n        <div class=\"testimonial-carousel-one owl-carousel owl-theme\">\n\t\t\t\t\t\n            <div class=\"item\">\n                <div class=\"single-testimonial\">\n                    <div class=\"inner-content\">\n                        <div class=\"img-box\">\n                            <div class=\"inner\">\n                                                                <span class=\"qoute-mark\">\u201c<\/span>\n                            <\/div><!-- \/.inner -->\n                        <\/div><!-- \/.img-box -->\n                        <div class=\"text-box\">\n                            <p>Nam libero tempore, cum soluta nobis est eligendi optio cumque nihil impedit quo minus id quod maxime placeat facere possimus, omnis voluptas assumenda est, omnis dolor repellendus. Temporibus autem quibusdam et aut officiis debitis.<\/p>\n                            <span class=\"name\">- Michale John<\/span>\n                            <span class=\"position\">Quality Assurance Manager<\/span>\n                        <\/div><!-- \/.text-box -->\n                    <\/div><!-- \/.inner-content -->\n                <\/div><!-- \/.single-testimonial -->\n            <\/div><!-- \/.item -->\n\t\t\t\t\t\t\t\n            <div class=\"item\">\n                <div class=\"single-testimonial\">\n                    <div class=\"inner-content\">\n                        <div class=\"img-box\">\n                            <div class=\"inner\">\n                                                                <span class=\"qoute-mark\">\u201c<\/span>\n                            <\/div><!-- \/.inner -->\n                        <\/div><!-- \/.img-box -->\n                        <div class=\"text-box\">\n                            <p>Nam libero tempore, cum soluta nobis est eligendi optio cumque nihil impedit quo minus id quod maxime placeat facere possimus, omnis voluptas assumenda est, omnis dolor repellendus. Temporibus autem quibusdam et aut officiis debitis.<\/p>\n                            <span class=\"name\">- Michale John 2<\/span>\n                            <span class=\"position\"><\/span>\n                        <\/div><!-- \/.text-box -->\n                    <\/div><!-- \/.inner-content -->\n                <\/div><!-- \/.single-testimonial -->\n            <\/div><!-- \/.item -->\n\t\t\t\t\t\t\t\n            <div class=\"item\">\n                <div class=\"single-testimonial\">\n                    <div class=\"inner-content\">\n                        <div class=\"img-box\">\n                            <div class=\"inner\">\n                                                                <span class=\"qoute-mark\">\u201c<\/span>\n                            <\/div><!-- \/.inner -->\n                        <\/div><!-- \/.img-box -->\n                        <div class=\"text-box\">\n                            <p>Nam libero tempore, cum soluta nobis est eligendi optio cumque nihil impedit quo minus id quod maxime placeat facere possimus, omnis voluptas assumenda est, omnis dolor repellendus. Temporibus autem quibusdam et aut officiis debitis.<\/p>\n                            <span class=\"name\">- Michale John<\/span>\n                            <span class=\"position\">Quality Assurance Manager<\/span>\n                        <\/div><!-- \/.text-box -->\n                    <\/div><!-- \/.inner-content -->\n                <\/div><!-- \/.single-testimonial -->\n            <\/div><!-- \/.item -->\n\t\t\t        <\/div><!-- \/.testimonial-carousel-one owl-carousel owl-theme -->\n\n    <\/div><!-- \/.thm-container -->\n<\/section><!-- \/.testimonial-style-one -->\t\t<\/div>\n\t\t<\/div><\/div><\/div><\/div><div class=\"vc_row-full-width vc_clearfix\"><\/div>","protected":false},"excerpt":{"rendered":"Nam libero tempore, cum soluta nobis est eligendi optio cumque nihil impedit quo minus id quod maxime placeat facere possimus, omnis voluptas assumenda est, omnis dolor repellendus. Temporibus autem quibusdam et aut officiis debitis.","protected":false},"author":1,"featured_media":0,"parent":0,"menu_order":0,"comment_status":"closed","ping_status":"closed","template":"","meta":{"footnotes":""},"class_list":["post-3253","page","type-page","status-publish","hentry"],"_links":{"self":[{"href":"https:\/\/spinning.com.tr\/tr\/wp-json\/wp\/v2\/pages\/3253","targetHints":{"allow":["GET"]}}],"collection":[{"href":"https:\/\/spinning.com.tr\/tr\/wp-json\/wp\/v2\/pages"}],"about":[{"href":"https:\/\/spinning.com.tr\/tr\/wp-json\/wp\/v2\/types\/page"}],"author":[{"embeddable":true,"href":"https:\/\/spinning.com.tr\/tr\/wp-json\/wp\/v2\/users\/1"}],"replies":[{"embeddable":true,"href":"https:\/\/spinning.com.tr\/tr\/wp-json\/wp\/v2\/comments?post=3253"}],"version-history":[{"count":11,"href":"https:\/\/spinning.com.tr\/tr\/wp-json\/wp\/v2\/pages\/3253\/revisions"}],"predecessor-version":[{"id":4907,"href":"https:\/\/spinning.com.tr\/tr\/wp-json\/wp\/v2\/pages\/3253\/revisions\/4907"}],"wp:attachment":[{"href":"https:\/\/spinning.com.tr\/tr\/wp-json\/wp\/v2\/media?parent=3253"}],"curies":[{"name":"wp","href":"https:\/\/api.w.org\/{rel}","templated":true}]}}