{"id":3263,"date":"2020-12-28T18:22:37","date_gmt":"2020-12-28T18:22:37","guid":{"rendered":"http:\/\/spinning.com.tr\/about-2\/"},"modified":"2025-12-28T15:41:30","modified_gmt":"2025-12-28T15:41:30","slug":"disclaimer-page","status":"publish","type":"page","link":"https:\/\/spinning.com.tr\/tr\/disclaimer-page\/","title":{"rendered":"Disclaimer Page"},"content":{"rendered":"<div data-vc-full-width=\"true\" data-vc-full-width-init=\"false\" class=\"vc_row wpb_row vc_row-fluid about-section about-page vc_custom_1531366134122\"><div class=\"wpb_column vc_column_container vc_col-sm-12\"><div class=\"vc_column-inner\"><div class=\"wpb_wrapper\">\n<div class=\"sec-title\">\n\t<div class=\"tag-line\">Working globally since 1990<\/div><!-- \/.tag-line -->\n\t<h2><\/p>\n<h2><span style=\"color: #339966\"><span style=\"color: #000000\">spinning.com.tr<\/span> <span style=\"color: #000000\">|<\/span> clover<span style=\"color: #ff0000\">\u00ae<\/span><\/span><\/h2>\n<p><\/h2>\n<\/div>\n\n\t<div class=\"wpb_text_column wpb_content_element\" >\n\t\t<div class=\"wpb_wrapper\">\n\t\t\t<h3 data-start=\"353\" data-end=\"371\"><strong data-start=\"357\" data-end=\"371\">Feragatname<\/strong><\/h3>\n<p data-start=\"373\" data-end=\"509\">If you require any additional information or have any questions regarding this disclaimer, please contact us at <strong data-start=\"485\" data-end=\"508\"><a class=\"decorated-link cursor-pointer\" rel=\"noopener\" data-start=\"487\" data-end=\"506\">web@spinning.com.tr<\/a><\/strong>.<\/p>\n<p data-start=\"511\" data-end=\"801\">The information provided on this website (<strong data-start=\"553\" data-end=\"576\"><a class=\"decorated-link\" href=\"https:\/\/spinning.com.tr\/tr\/\" target=\"_new\" rel=\"noopener\" data-start=\"555\" data-end=\"574\">www.spinning.com.tr<\/a><\/strong>) is published in good faith and for general informational purposes only. <span style=\"color: #339966;\"><strong><span style=\"color: #000000;\">spinning.com.tr<\/span> <span style=\"color: #000000;\">|<\/span> clover<\/strong><span style=\"color: #ff0000;\"><strong>\u00ae<\/strong><\/span><\/span>\u00a0makes no representations or warranties regarding the completeness, reliability, or accuracy of the information presented.<\/p>\n<p data-start=\"803\" data-end=\"1046\">Any action you take based on the information available on this website is strictly at your own risk. <span style=\"color: #339966;\"><strong><span style=\"color: #000000;\">spinning.com.tr<\/span> <span style=\"color: #000000;\">|<\/span> clover<\/strong><span style=\"color: #ff0000;\"><strong>\u00ae<\/strong><\/span><\/span>\u00a0shall not be held liable for any loss or damage arising from the use of this website or reliance on its content.<\/p>\n<p data-start=\"1048\" data-end=\"1422\">This website may contain links to external websites that are not provided or maintained by <span style=\"color: #339966;\"><strong><span style=\"color: #000000;\">spinning.com.tr<\/span> <span style=\"color: #000000;\">|<\/span> clover<\/strong><span style=\"color: #ff0000;\"><strong>\u00ae<\/strong><\/span><\/span>. While we aim to link only to reputable and relevant sources, we have no control over the content, nature, or availability of these external sites. The inclusion of any links does not imply endorsement or responsibility for the content of such websites.<\/p>\n<p data-start=\"1424\" data-end=\"1735\">Please note that once you leave our website, other websites may be subject to different privacy policies and terms of use that are beyond our control. We encourage users to review the privacy policies and terms of service of any external websites before engaging in any business or sharing personal information.<\/p>\n<h4 data-start=\"1737\" data-end=\"1753\"><strong data-start=\"1742\" data-end=\"1753\">Consent<\/strong><\/h4>\n<p data-start=\"1755\" data-end=\"1838\">By using our website, you hereby consent to this disclaimer and agree to its terms.<\/p>\n<h4 data-start=\"1840\" data-end=\"1856\"><strong data-start=\"1845\" data-end=\"1856\">Updates<\/strong><\/h4>\n<p data-start=\"1858\" data-end=\"2008\">This disclaimer may be updated or amended from time to time to reflect legal or operational changes. Any modifications will be published on this page.<\/p>\n\n\t\t<\/div>\n\t<\/div>\n<\/div><\/div><\/div><\/div><div class=\"vc_row-full-width vc_clearfix\"><\/div><div data-vc-full-width=\"true\" data-vc-full-width-init=\"false\" class=\"vc_row wpb_row vc_row-fluid mission-history-area vc_custom_1531366187529\"><div class=\"sec-title wpb_column vc_column_container vc_col-sm-6\"><div class=\"vc_column-inner\"><div class=\"wpb_wrapper\">\n\t<div class=\"wpb_text_column wpb_content_element\" >\n\t\t<div class=\"wpb_wrapper\">\n\t\t\t<h3>Amac\u0131m\u0131z<\/h3>\n<div class=\"line\"><\/div>\n\n\t\t<\/div>\n\t<\/div>\n\n\t<div class=\"wpb_text_column wpb_content_element  misson-content\" >\n\t\t<div class=\"wpb_wrapper\">\n\t\t\t<p>Marka imaj\u0131m\u0131z\u0131 en \u00fcst seviyede devam ettirmek i\u00e7in, kaliteyi en \u00f6nde tutarak, en uygun fiyata en iyi hizmet vermek.<\/p>\n<p>M\u00fcmk\u00fcn olan en iyi m\u00fc\u015fteri hizmetini sa\u011flamak.<\/p>\n<p>Daha geni\u015f vizyona ula\u015fmak ve bu vizyonu s\u00fcrd\u00fcrmek i\u00e7in yeni ortakl\u0131klar kurmak.<\/p>\n\n\t\t<\/div>\n\t<\/div>\n<\/div><\/div><\/div><div class=\"sec-title wpb_column vc_column_container vc_col-sm-6\"><div class=\"vc_column-inner\"><div class=\"wpb_wrapper\">\n\t<div class=\"wpb_text_column wpb_content_element\" >\n\t\t<div class=\"wpb_wrapper\">\n\t\t\t<h3>Vizyonumuz<\/h3>\n<div class=\"line\"><\/div>\n\n\t\t<\/div>\n\t<\/div>\n\n\t<div class=\"wpb_text_column wpb_content_element\" >\n\t\t<div class=\"wpb_wrapper\">\n\t\t\t<p>\u00dcretim yaparken ve \u00e7\u00f6z\u00fcm \u00fcretirken en g\u00fcvenilir i\u015f orta\u011f\u0131 olmak.<\/p>\n\n\t\t<\/div>\n\t<\/div>\n\n\t<div class=\"wpb_text_column wpb_content_element\" >\n\t\t<div class=\"wpb_wrapper\">\n\t\t\t<h3>Our Purpose<\/h3>\n<div class=\"line\"><\/div>\n\n\t\t<\/div>\n\t<\/div>\n\n\t<div class=\"wpb_text_column wpb_content_element\" >\n\t\t<div class=\"wpb_wrapper\">\n\t\t\t<p>\u0130\u015f hayat\u0131na kalite ve s\u00fcrd\u00fcr\u00fclebilirlik getirmek.<\/p>\n\n\t\t<\/div>\n\t<\/div>\n<\/div><\/div><\/div><\/div><div class=\"vc_row-full-width vc_clearfix\"><\/div><div data-vc-full-width=\"true\" data-vc-full-width-init=\"false\" class=\"vc_row wpb_row vc_row-fluid mission-history-area vc_custom_1531366187529\"><div class=\"sec-title wpb_column vc_column_container vc_col-sm-12\"><div class=\"vc_column-inner\"><div class=\"wpb_wrapper\">\n\t<div class=\"wpb_text_column wpb_content_element\" >\n\t\t<div class=\"wpb_wrapper\">\n\t\t\t<h3 style=\"text-align: center;\">De\u011ferlerimiz<\/h3>\n<div class=\"line\" style=\"text-align: center;\"><\/div>\n\n\t\t<\/div>\n\t<\/div>\n\n\t<div class=\"wpb_text_column wpb_content_element  misson-content\" >\n\t\t<div class=\"wpb_wrapper\">\n\t\t\t<p style=\"text-align: center;\">Fairness<br \/>\n\u00d6zen<br \/>\nD\u00fcr\u00fcstl\u00fck<br \/>\n<span style=\"letter-spacing: 0.48px;\">B\u00fct\u00fcnl\u00fck<\/span><br style=\"letter-spacing: 0.48px;\" \/><span style=\"letter-spacing: 0.48px;\">Sayg\u0131<\/span><br style=\"letter-spacing: 0.48px;\" \/><span style=\"letter-spacing: 0.48px;\">Sorumluluk<\/span><\/p>\n\n\t\t<\/div>\n\t<\/div>\n<\/div><\/div><\/div><\/div><div class=\"vc_row-full-width vc_clearfix\"><\/div><div data-vc-full-width=\"true\" data-vc-full-width-init=\"false\" class=\"vc_row wpb_row vc_row-fluid fun-fact-area dark-v vc_custom_1532091802187\"><div class=\"wpb_column vc_column_container vc_col-sm-3\"><div class=\"vc_column-inner vc_custom_1531118161332\"><div class=\"wpb_wrapper\">\n\t<div class=\"wpb_text_column wpb_content_element\" >\n\t\t<div class=\"wpb_wrapper\">\n\t\t\t<h3 class=\"title\">Kurulu\u015f.<br \/>\n1990<\/h3>\n\n\t\t<\/div>\n\t<\/div>\n<\/div><\/div><\/div><div class=\"wpb_column vc_column_container vc_col-sm-3\"><div class=\"vc_column-inner vc_custom_1531117825631\"><div class=\"wpb_wrapper\"><div class=\"single-fun-fact\">\n\t<div class=\"line\"><\/div><!-- \/.line -->\n\t<span class=\"number\"><\/span>\n\t<span class=\"number counter\">35<\/span>\n\t<p>. Faaliyet Y\u0131l\u0131<\/p>\n<\/div><\/div><\/div><\/div><div class=\"wpb_column vc_column_container vc_col-sm-3\"><div class=\"vc_column-inner vc_custom_1531117832989\"><div class=\"wpb_wrapper\"><div class=\"single-fun-fact\">\n\t<div class=\"line\"><\/div><!-- \/.line -->\n\t<span class=\"number\"><\/span>\n\t<span class=\"number counter\">100%<\/span>\n\t<p>m\u00fc\u015fteri memnuniyeti.<\/p>\n<\/div><\/div><\/div><\/div><div class=\"wpb_column vc_column_container vc_col-sm-3\"><div class=\"vc_column-inner vc_custom_1531117837291\"><div class=\"wpb_wrapper\"><div class=\"single-fun-fact\">\n\t<div class=\"line\"><\/div><!-- \/.line -->\n\t<span class=\"number\"><\/span>\n\t<span class=\"number counter\">7\/24<\/span>\n\t<p>G\u00f6revdeyiz.<\/p>\n<\/div><\/div><\/div><\/div><\/div><div class=\"vc_row-full-width vc_clearfix\"><\/div><div data-vc-full-width=\"true\" data-vc-full-width-init=\"false\" class=\"vc_row wpb_row vc_row-fluid advisor-area home-page-two sec-pad vc_custom_1531366648532 vc_row-has-fill\"><div class=\"sec-title two wpb_column vc_column_container vc_col-sm-3\"><div class=\"vc_column-inner\"><div class=\"wpb_wrapper\"><\/div><\/div><\/div><div class=\"wpb_column vc_column_container vc_col-sm-3\"><div class=\"vc_column-inner\"><div class=\"wpb_wrapper\"><\/div><\/div><\/div><div class=\"wpb_column vc_column_container vc_col-sm-3\"><div class=\"vc_column-inner\"><div class=\"wpb_wrapper\"><\/div><\/div><\/div><div class=\"wpb_column vc_column_container vc_col-sm-3\"><div class=\"vc_column-inner\"><div class=\"wpb_wrapper\"><\/div><\/div><\/div><\/div><div class=\"vc_row-full-width vc_clearfix\"><\/div><div data-vc-full-width=\"true\" data-vc-full-width-init=\"false\" data-vc-stretch-content=\"true\" class=\"vc_row wpb_row vc_row-fluid vc_row-no-padding\"><div class=\"wpb_column vc_column_container vc_col-sm-12\"><div class=\"vc_column-inner vc_custom_1532089334274\"><div class=\"wpb_wrapper\">\t\t<div class=\"tt-post-wrapper\">\n\t\t\n<section class=\"testimonial-style-one\">\n    <div class=\"thm-container\">\n        <div class=\"testimonial-carousel-one owl-carousel owl-theme\">\n\t\t\t\t\t\n            <div class=\"item\">\n                <div class=\"single-testimonial\">\n                    <div class=\"inner-content\">\n                        <div class=\"img-box\">\n                            <div class=\"inner\">\n                                                                <span class=\"qoute-mark\">\u201c<\/span>\n                            <\/div><!-- \/.inner -->\n                        <\/div><!-- \/.img-box -->\n                        <div class=\"text-box\">\n                            <p>Nam libero tempore, cum soluta nobis est eligendi optio cumque nihil impedit quo minus id quod maxime placeat facere possimus, omnis voluptas assumenda est, omnis dolor repellendus. Temporibus autem quibusdam et aut officiis debitis.<\/p>\n                            <span class=\"name\">- Michale John<\/span>\n                            <span class=\"position\">Quality Assurance Manager<\/span>\n                        <\/div><!-- \/.text-box -->\n                    <\/div><!-- \/.inner-content -->\n                <\/div><!-- \/.single-testimonial -->\n            <\/div><!-- \/.item -->\n\t\t\t\t\t\t\t\n            <div class=\"item\">\n                <div class=\"single-testimonial\">\n                    <div class=\"inner-content\">\n                        <div class=\"img-box\">\n                            <div class=\"inner\">\n                                                                <span class=\"qoute-mark\">\u201c<\/span>\n                            <\/div><!-- \/.inner -->\n                        <\/div><!-- \/.img-box -->\n                        <div class=\"text-box\">\n                            <p>Nam libero tempore, cum soluta nobis est eligendi optio cumque nihil impedit quo minus id quod maxime placeat facere possimus, omnis voluptas assumenda est, omnis dolor repellendus. Temporibus autem quibusdam et aut officiis debitis.<\/p>\n                            <span class=\"name\">- Michale John 2<\/span>\n                            <span class=\"position\"><\/span>\n                        <\/div><!-- \/.text-box -->\n                    <\/div><!-- \/.inner-content -->\n                <\/div><!-- \/.single-testimonial -->\n            <\/div><!-- \/.item -->\n\t\t\t\t\t\t\t\n            <div class=\"item\">\n                <div class=\"single-testimonial\">\n                    <div class=\"inner-content\">\n                        <div class=\"img-box\">\n                            <div class=\"inner\">\n                                                                <span class=\"qoute-mark\">\u201c<\/span>\n                            <\/div><!-- \/.inner -->\n                        <\/div><!-- \/.img-box -->\n                        <div class=\"text-box\">\n                            <p>Nam libero tempore, cum soluta nobis est eligendi optio cumque nihil impedit quo minus id quod maxime placeat facere possimus, omnis voluptas assumenda est, omnis dolor repellendus. Temporibus autem quibusdam et aut officiis debitis.<\/p>\n                            <span class=\"name\">- Michale John<\/span>\n                            <span class=\"position\">Quality Assurance Manager<\/span>\n                        <\/div><!-- \/.text-box -->\n                    <\/div><!-- \/.inner-content -->\n                <\/div><!-- \/.single-testimonial -->\n            <\/div><!-- \/.item -->\n\t\t\t        <\/div><!-- \/.testimonial-carousel-one owl-carousel owl-theme -->\n\n    <\/div><!-- \/.thm-container -->\n<\/section><!-- \/.testimonial-style-one -->\t\t<\/div>\n\t\t<\/div><\/div><\/div><\/div><div class=\"vc_row-full-width vc_clearfix\"><\/div>","protected":false},"excerpt":{"rendered":"Nam libero tempore, cum soluta nobis est eligendi optio cumque nihil impedit quo minus id quod maxime placeat facere possimus, omnis voluptas assumenda est, omnis dolor repellendus. Temporibus autem quibusdam et aut officiis debitis.","protected":false},"author":1,"featured_media":0,"parent":0,"menu_order":0,"comment_status":"closed","ping_status":"closed","template":"","meta":{"footnotes":""},"class_list":["post-3263","page","type-page","status-publish","hentry"],"_links":{"self":[{"href":"https:\/\/spinning.com.tr\/tr\/wp-json\/wp\/v2\/pages\/3263","targetHints":{"allow":["GET"]}}],"collection":[{"href":"https:\/\/spinning.com.tr\/tr\/wp-json\/wp\/v2\/pages"}],"about":[{"href":"https:\/\/spinning.com.tr\/tr\/wp-json\/wp\/v2\/types\/page"}],"author":[{"embeddable":true,"href":"https:\/\/spinning.com.tr\/tr\/wp-json\/wp\/v2\/users\/1"}],"replies":[{"embeddable":true,"href":"https:\/\/spinning.com.tr\/tr\/wp-json\/wp\/v2\/comments?post=3263"}],"version-history":[{"count":11,"href":"https:\/\/spinning.com.tr\/tr\/wp-json\/wp\/v2\/pages\/3263\/revisions"}],"predecessor-version":[{"id":4878,"href":"https:\/\/spinning.com.tr\/tr\/wp-json\/wp\/v2\/pages\/3263\/revisions\/4878"}],"wp:attachment":[{"href":"https:\/\/spinning.com.tr\/tr\/wp-json\/wp\/v2\/media?parent=3263"}],"curies":[{"name":"wp","href":"https:\/\/api.w.org\/{rel}","templated":true}]}}