{"id":3918,"date":"2021-01-02T13:35:38","date_gmt":"2021-01-02T13:35:38","guid":{"rendered":"http:\/\/spinning.com.tr\/about-2\/"},"modified":"2025-12-28T15:24:09","modified_gmt":"2025-12-28T15:24:09","slug":"social-responsibility","status":"publish","type":"page","link":"https:\/\/spinning.com.tr\/tr\/social-responsibility\/","title":{"rendered":"Sosyal Sorumluluk"},"content":{"rendered":"<div data-vc-full-width=\"true\" data-vc-full-width-init=\"false\" class=\"vc_row wpb_row vc_row-fluid about-section about-page vc_custom_1531366134122\"><div class=\"wpb_column vc_column_container vc_col-sm-12\"><div class=\"vc_column-inner\"><div class=\"wpb_wrapper\">\n<div class=\"sec-title\">\n\t<div class=\"tag-line\">Working globally since 1990<\/div><!-- \/.tag-line -->\n\t<h2><\/p>\n<h2><span style=\"color: #339966\"><span style=\"color: #000000\">spinning.com.tr<\/span> <span style=\"color: #000000\">|<\/span> clover<span style=\"color: #ff0000\">\u00ae<\/span><\/span><\/h2>\n<p><\/h2>\n<\/div>\n<div class=\"vc_empty_space\"   style=\"height: 30px\"><span class=\"vc_empty_space_inner\"><\/span><\/div>\n\t<div class=\"wpb_text_column wpb_content_element\" >\n\t\t<div class=\"wpb_wrapper\">\n\t\t\t<p data-start=\"295\" data-end=\"537\">At <span style=\"color: #339966;\"><strong><span style=\"color: #000000;\">spinning.com.tr<\/span> <span style=\"color: #000000;\">|<\/span> clover<\/strong><span style=\"color: #ff0000;\"><strong>\u00ae<\/strong><\/span><\/span>, social responsibility is an integral part of our business approach. Sustainability is not treated as a separate initiative, but as a core principle guiding our decisions, operations, and long-term objectives.<\/p>\n<p data-start=\"539\" data-end=\"723\">We are committed to conducting our activities in a responsible, ethical, and transparent manner, creating long-term value for our employees, business partners, and the wider community.<\/p>\n<h4 data-start=\"725\" data-end=\"761\"><strong data-start=\"730\" data-end=\"761\">Responsible Labor Practices<\/strong><\/h4>\n<p data-start=\"763\" data-end=\"955\">We strictly oppose child labor and any form of unethical employment practices. Our approach to labor responsibility is aligned with internationally recognized principles and ethical standards.<\/p>\n<p data-start=\"957\" data-end=\"1246\">We assess potential business partners and suppliers to ensure compliance with our labor requirements. Any confirmed violation of these principles results in the immediate termination of the business relationship. Partners who do not meet these standards are not considered for cooperation.<\/p>\n<h4 data-start=\"1248\" data-end=\"1281\"><strong data-start=\"1253\" data-end=\"1281\">Responsible Partnerships<\/strong><\/h4>\n<p data-start=\"1283\" data-end=\"1508\">We believe that sustainable success can only be achieved through responsible and ethical partnerships. We work exclusively with suppliers and partners who share our commitment to integrity, responsibility, and sustainability.<\/p>\n<p data-start=\"1510\" data-end=\"1660\">Our supplier relationships are based on clear expectations, regular evaluations, and long-term cooperation founded on mutual trust and accountability.<\/p>\n<h4 data-start=\"1662\" data-end=\"1699\"><strong data-start=\"1667\" data-end=\"1699\">Ethical Business Environment<\/strong><\/h4>\n<p data-start=\"1701\" data-end=\"1797\">Fairness, honesty, and respect form the foundation of our business culture. We are committed to:<\/p>\n<ul data-start=\"1798\" data-end=\"2006\">\n<li data-start=\"1798\" data-end=\"1861\">\n<p data-start=\"1800\" data-end=\"1861\">Respecting human rights and ensuring fair and equal treatment<\/p>\n<\/li>\n<li data-start=\"1862\" data-end=\"1924\">\n<p data-start=\"1864\" data-end=\"1924\">Promoting ethical behavior across all business relationships<\/p>\n<\/li>\n<li data-start=\"1925\" data-end=\"2006\">\n<p data-start=\"1927\" data-end=\"2006\">Supporting an inclusive and respectful working environment for all stakeholders<\/p>\n<\/li>\n<\/ul>\n<h4 data-start=\"2008\" data-end=\"2034\"><strong data-start=\"2013\" data-end=\"2034\">Energy Efficiency<\/strong><\/h4>\n<p data-start=\"2036\" data-end=\"2285\">Recognizing the global importance of energy conservation, we strive to reduce energy consumption through efficient operational practices. We also encourage awareness and responsible energy use within our organization and among our business partners.<\/p>\n<h4 data-start=\"2287\" data-end=\"2329\"><strong data-start=\"2292\" data-end=\"2329\">Recycling and Resource Efficiency<\/strong><\/h4>\n<p data-start=\"2331\" data-end=\"2583\">Recycling plays a central role in our sustainability efforts. As a manufacturer engaged in recycled yarn production, we support responsible material use and encourage recycling practices across our supply chain to reduce waste and environmental impact.<\/p>\n<h4 data-start=\"2585\" data-end=\"2625\"><strong data-start=\"2590\" data-end=\"2625\">Protection of Natural Resources<\/strong><\/h4>\n<p data-start=\"2627\" data-end=\"2882\">We acknowledge the importance of natural resources for present and future generations. Our operations aim to minimize environmental impact through responsible practices, protection of biodiversity, and continuous improvement in sustainability performance.<\/p>\n<p data-start=\"2884\" data-end=\"3140\">Through this policy, <span style=\"color: #339966;\"><strong><span style=\"color: #000000;\">spinning.com.tr<\/span> <span style=\"color: #000000;\">|<\/span> clover<\/strong><span style=\"color: #ff0000;\"><strong>\u00ae<\/strong><\/span><\/span>\u00a0reaffirms its commitment to social responsibility, ethical conduct, and sustainable development, working together with employees, partners, and clients to contribute to a more responsible textile industry.<\/p>\n\n\t\t<\/div>\n\t<\/div>\n<\/div><\/div><\/div><\/div><div class=\"vc_row-full-width vc_clearfix\"><\/div><div data-vc-full-width=\"true\" data-vc-full-width-init=\"false\" class=\"vc_row wpb_row vc_row-fluid mission-history-area vc_custom_1531366187529\"><div class=\"sec-title wpb_column vc_column_container vc_col-sm-6\"><div class=\"vc_column-inner\"><div class=\"wpb_wrapper\">\n\t<div class=\"wpb_text_column wpb_content_element\" >\n\t\t<div class=\"wpb_wrapper\">\n\t\t\t<h3>Amac\u0131m\u0131z<\/h3>\n<div class=\"line\"><\/div>\n\n\t\t<\/div>\n\t<\/div>\n\n\t<div class=\"wpb_text_column wpb_content_element  misson-content\" >\n\t\t<div class=\"wpb_wrapper\">\n\t\t\t<p>Marka imaj\u0131m\u0131z\u0131 en \u00fcst seviyede devam ettirmek i\u00e7in, kaliteyi en \u00f6nde tutarak, en uygun fiyata en iyi hizmet vermek.<\/p>\n<p>M\u00fcmk\u00fcn olan en iyi m\u00fc\u015fteri hizmetini sa\u011flamak.<\/p>\n<p>Daha geni\u015f vizyona ula\u015fmak ve bu vizyonu s\u00fcrd\u00fcrmek i\u00e7in yeni ortakl\u0131klar kurmak.<\/p>\n\n\t\t<\/div>\n\t<\/div>\n\n\t<div class=\"wpb_text_column wpb_content_element\" >\n\t\t<div class=\"wpb_wrapper\">\n\t\t\t<h3>S\u00f6z\u00fcm\u00fcz<\/h3>\n<div class=\"line\"><\/div>\n\n\t\t<\/div>\n\t<\/div>\n\n\t<div class=\"wpb_text_column wpb_content_element\" >\n\t\t<div class=\"wpb_wrapper\">\n\t\t\t<p>\u0130\u015f hayat\u0131na kalite ve s\u00fcrd\u00fcr\u00fclebilirlik getirmek.<\/p>\n\n\t\t<\/div>\n\t<\/div>\n<\/div><\/div><\/div><div class=\"sec-title wpb_column vc_column_container vc_col-sm-6\"><div class=\"vc_column-inner\"><div class=\"wpb_wrapper\">\n\t<div class=\"wpb_text_column wpb_content_element\" >\n\t\t<div class=\"wpb_wrapper\">\n\t\t\t<h3 style=\"text-align: left;\">De\u011ferlerimiz<\/h3>\n<div class=\"line\" style=\"text-align: left;\"><\/div>\n\n\t\t<\/div>\n\t<\/div>\n\n\t<div class=\"wpb_text_column wpb_content_element  misson-content\" >\n\t\t<div class=\"wpb_wrapper\">\n\t\t\t<ul>\n<li style=\"text-align: left;\"><span style=\"color: #ffffff;\">Adil\u00a0<\/span><span style=\"color: #ffffff;\">Ticaret<\/span><\/li>\n<li style=\"text-align: left;\"><span style=\"color: #ffffff;\">\u00d6zen<\/span><\/li>\n<li style=\"text-align: left;\"><span style=\"color: #ffffff;\">D\u00fcr\u00fcstl\u00fck<\/span><\/li>\n<li style=\"text-align: left;\"><span style=\"letter-spacing: 0.48px; color: #ffffff;\">B\u00fct\u00fcnl\u00fck<\/span><\/li>\n<li style=\"text-align: left;\"><span style=\"letter-spacing: 0.48px; color: #ffffff;\">Sayg\u0131<\/span><\/li>\n<li style=\"text-align: left;\"><span style=\"letter-spacing: 0.48px; color: #ffffff;\">Sorumluluk<\/span><\/li>\n<\/ul>\n\n\t\t<\/div>\n\t<\/div>\n\n\t<div class=\"wpb_text_column wpb_content_element\" >\n\t\t<div class=\"wpb_wrapper\">\n\t\t\t<h3>Vizyonumuz<\/h3>\n<div class=\"line\"><\/div>\n\n\t\t<\/div>\n\t<\/div>\n\n\t<div class=\"wpb_text_column wpb_content_element\" >\n\t\t<div class=\"wpb_wrapper\">\n\t\t\t<p>\u00dcretim ve servis \u00e7\u00f6z\u00fcmleri i\u00e7in en g\u00fcvenilir i\u015f orta\u011f\u0131 olmak.<\/p>\n\n\t\t<\/div>\n\t<\/div>\n<\/div><\/div><\/div><\/div><div class=\"vc_row-full-width vc_clearfix\"><\/div><div data-vc-full-width=\"true\" data-vc-full-width-init=\"false\" class=\"vc_row wpb_row vc_row-fluid\"><div class=\"wpb_column vc_column_container vc_col-sm-12\"><div class=\"vc_column-inner\"><div class=\"wpb_wrapper\"><div class=\"vc_empty_space\"   style=\"height: 50px\"><span class=\"vc_empty_space_inner\"><\/span><\/div><\/div><\/div><\/div><\/div><div class=\"vc_row-full-width vc_clearfix\"><\/div><div data-vc-full-width=\"true\" data-vc-full-width-init=\"false\" class=\"vc_row wpb_row vc_row-fluid\"><div class=\"wpb_column vc_column_container vc_col-sm-3\"><div class=\"vc_column-inner\"><div class=\"wpb_wrapper\">\n\t<div class=\"wpb_text_column wpb_content_element\" >\n\t\t<div class=\"wpb_wrapper\">\n\t\t\t<h2>S\u00f6z\u00fcm\u00fcz<\/h2>\n<div class=\"line\"><\/div>\n\n\t\t<\/div>\n\t<\/div>\n\n\t<div class=\"wpb_text_column wpb_content_element\" >\n\t\t<div class=\"wpb_wrapper\">\n\t\t\t<p>&#8220;<span style=\"color: #339966;\"><span style=\"color: #000000;\">spinning.com.tr<\/span> <span style=\"color: #000000;\">|<\/span> clover<span style=\"color: #ff0000;\">\u00ae<span style=\"color: #000000;\">&#8220;<\/span><\/span><\/span> olarak i\u015f ortaklar\u0131m\u0131za en kaliteli \u00fcr\u00fcn ve hizmeti sa\u011flamay\u0131 taahh\u00fct ederiz.<\/p>\n\n\t\t<\/div>\n\t<\/div>\n<\/div><\/div><\/div><div class=\"wpb_column vc_column_container vc_col-sm-3\"><div class=\"vc_column-inner\"><div class=\"wpb_wrapper\">\n\t<div class=\"wpb_text_column wpb_content_element\" >\n\t\t<div class=\"wpb_wrapper\">\n\t\t\t<p style=\"text-align: center;\"><span style=\"color: #339966;\"><span style=\"color: #000000;\">spinning.com.tr<\/span> <span style=\"color: #000000;\">|<\/span> clover<span style=\"color: #ff0000;\">\u00ae<\/span><\/span><\/p>\n<p style=\"text-align: center;\">olarak m\u00fc\u015fterilerimizin \u00fcr\u00fcnlerini en y\u00fcksek kalite ile pazara sunabilmelerini sa\u011flamak \u00fczere dahil oldu\u011fumuz sekt\u00f6rler \u00e7er\u00e7evesinde en do\u011fru \u00fcretimi yapmak ve sunmakt\u0131r.<\/p>\n\n\t\t<\/div>\n\t<\/div>\n<\/div><\/div><\/div><div class=\"wpb_column vc_column_container vc_col-sm-3\"><div class=\"vc_column-inner\"><div class=\"wpb_wrapper\">\n\t<div class=\"wpb_text_column wpb_content_element\" >\n\t\t<div class=\"wpb_wrapper\">\n\t\t\t<p style=\"text-align: center;\"><span style=\"color: #339966;\"><span style=\"color: #000000;\">spinning.com.tr<\/span> <span style=\"color: #000000;\">|<\/span> clover<span style=\"color: #ff0000;\">\u00ae<\/span><\/span><\/p>\n<div style=\"text-align: center;\">olarak her bir i\u015f orta\u011f\u0131m\u0131z\u0131n iyi \u00fcr\u00fcn ve hizmet almas\u0131n\u0131 sa\u011flamak asli g\u00f6revimizdir.<\/div>\n<div style=\"text-align: center;\">Bu nedenle, bizimle i\u015f yapt\u0131\u011f\u0131n\u0131z her zaman beklentilerinizin kar\u015f\u0131land\u0131\u011f\u0131ndan emin olman\u0131za yard\u0131mc\u0131 olacak bir M\u00fc\u015fteri Hizmetleri Taahh\u00fcd\u00fcm\u00fcz var.<\/div>\n\n\t\t<\/div>\n\t<\/div>\n<\/div><\/div><\/div><div class=\"wpb_column vc_column_container vc_col-sm-3\"><div class=\"vc_column-inner\"><div class=\"wpb_wrapper\">\n\t<div class=\"wpb_text_column wpb_content_element\" >\n\t\t<div class=\"wpb_wrapper\">\n\t\t\t<p style=\"text-align: center;\"><span style=\"color: #339966;\"><span style=\"color: #000000;\">spinning.com.tr<\/span> <span style=\"color: #000000;\">|<\/span> clover<span style=\"color: #ff0000;\">\u00ae<\/span><\/span><\/p>\n<div class=\"main-content__excerpt body-01\" style=\"text-align: center;\">\n<p>olarak etik anlamda ve ge\u00e7erli t\u00fcm yasalara uygun olarak, kurumsal \u015feffafl\u0131k ve b\u00fct\u00fcnl\u00fck k\u00fclt\u00fcr\u00fc ile hizmet verece\u011fiz. <span style=\"letter-spacing: 0.03em;\">Bu de\u011ferler, \u00e7al\u0131\u015fanlar\u0131m\u0131z i\u00e7in ana rehberdir ve rekabet\u00e7i bir pazarda i\u015fimizi s\u00fcrd\u00fcrmemiz i\u00e7in \u00e7ok \u00f6nemlidir.<\/span><\/p>\n<\/div>\n\n\t\t<\/div>\n\t<\/div>\n<\/div><\/div><\/div><\/div><div class=\"vc_row-full-width vc_clearfix\"><\/div><div data-vc-full-width=\"true\" data-vc-full-width-init=\"false\" class=\"vc_row wpb_row vc_row-fluid\"><div class=\"wpb_column vc_column_container vc_col-sm-12\"><div class=\"vc_column-inner\"><div class=\"wpb_wrapper\"><div class=\"vc_empty_space\"   style=\"height: 50px\"><span class=\"vc_empty_space_inner\"><\/span><\/div><\/div><\/div><\/div><\/div><div class=\"vc_row-full-width vc_clearfix\"><\/div><div data-vc-full-width=\"true\" data-vc-full-width-init=\"false\" class=\"vc_row wpb_row vc_row-fluid fun-fact-area dark-v vc_custom_1532091802187\"><div class=\"wpb_column vc_column_container vc_col-sm-3\"><div class=\"vc_column-inner vc_custom_1531118161332\"><div class=\"wpb_wrapper\">\n\t<div class=\"wpb_text_column wpb_content_element\" >\n\t\t<div class=\"wpb_wrapper\">\n\t\t\t<h3 class=\"title\">Kurulu\u015f.<br \/>\n1990<\/h3>\n\n\t\t<\/div>\n\t<\/div>\n<\/div><\/div><\/div><div class=\"wpb_column vc_column_container vc_col-sm-3\"><div class=\"vc_column-inner vc_custom_1531117825631\"><div class=\"wpb_wrapper\"><div class=\"single-fun-fact\">\n\t<div class=\"line\"><\/div><!-- \/.line -->\n\t<span class=\"number\"><\/span>\n\t<span class=\"number counter\">35<\/span>\n\t<p>. Faaliyet Y\u0131l\u0131<\/p>\n<\/div><\/div><\/div><\/div><div class=\"wpb_column vc_column_container vc_col-sm-3\"><div class=\"vc_column-inner vc_custom_1531117832989\"><div class=\"wpb_wrapper\"><div class=\"single-fun-fact\">\n\t<div class=\"line\"><\/div><!-- \/.line -->\n\t<span class=\"number\"><\/span>\n\t<span class=\"number counter\">100%<\/span>\n\t<p>m\u00fc\u015fteri memnuniyeti.<\/p>\n<\/div><\/div><\/div><\/div><div class=\"wpb_column vc_column_container vc_col-sm-3\"><div class=\"vc_column-inner vc_custom_1531117837291\"><div class=\"wpb_wrapper\"><div class=\"single-fun-fact\">\n\t<div class=\"line\"><\/div><!-- \/.line -->\n\t<span class=\"number\"><\/span>\n\t<span class=\"number counter\">7\/24<\/span>\n\t<p>G\u00f6revdeyiz.<\/p>\n<\/div><\/div><\/div><\/div><\/div><div class=\"vc_row-full-width vc_clearfix\"><\/div><div data-vc-full-width=\"true\" data-vc-full-width-init=\"false\" class=\"vc_row wpb_row vc_row-fluid advisor-area home-page-two sec-pad vc_custom_1531366648532 vc_row-has-fill\"><div class=\"wpb_column vc_column_container vc_col-sm-3\"><div class=\"vc_column-inner\"><div class=\"wpb_wrapper\"><\/div><\/div><\/div><div class=\"sec-title two wpb_column vc_column_container vc_col-sm-3\"><div class=\"vc_column-inner\"><div class=\"wpb_wrapper\"><\/div><\/div><\/div><div class=\"wpb_column vc_column_container vc_col-sm-3\"><div class=\"vc_column-inner\"><div class=\"wpb_wrapper\"><\/div><\/div><\/div><div class=\"wpb_column vc_column_container vc_col-sm-3\"><div class=\"vc_column-inner\"><div class=\"wpb_wrapper\"><\/div><\/div><\/div><\/div><div class=\"vc_row-full-width vc_clearfix\"><\/div>","protected":false},"excerpt":{"rendered":"Working globally since 1990 spinning.com.tr | clover\u00ae At spinning.com.tr | clover\u00ae, social responsibility is an integral part of our business approach. Sustainability is not treated as a separate initiative, but as a core principle guiding our decisions, operations, and long-term objectives. We are committed to conducting our activities in a responsible, ethical, and transparent manner, [...]","protected":false},"author":1,"featured_media":0,"parent":0,"menu_order":0,"comment_status":"closed","ping_status":"closed","template":"","meta":{"footnotes":""},"class_list":["post-3918","page","type-page","status-publish","hentry"],"_links":{"self":[{"href":"https:\/\/spinning.com.tr\/tr\/wp-json\/wp\/v2\/pages\/3918","targetHints":{"allow":["GET"]}}],"collection":[{"href":"https:\/\/spinning.com.tr\/tr\/wp-json\/wp\/v2\/pages"}],"about":[{"href":"https:\/\/spinning.com.tr\/tr\/wp-json\/wp\/v2\/types\/page"}],"author":[{"embeddable":true,"href":"https:\/\/spinning.com.tr\/tr\/wp-json\/wp\/v2\/users\/1"}],"replies":[{"embeddable":true,"href":"https:\/\/spinning.com.tr\/tr\/wp-json\/wp\/v2\/comments?post=3918"}],"version-history":[{"count":13,"href":"https:\/\/spinning.com.tr\/tr\/wp-json\/wp\/v2\/pages\/3918\/revisions"}],"predecessor-version":[{"id":4870,"href":"https:\/\/spinning.com.tr\/tr\/wp-json\/wp\/v2\/pages\/3918\/revisions\/4870"}],"wp:attachment":[{"href":"https:\/\/spinning.com.tr\/tr\/wp-json\/wp\/v2\/media?parent=3918"}],"curies":[{"name":"wp","href":"https:\/\/api.w.org\/{rel}","templated":true}]}}