{"id":3936,"date":"2021-01-02T15:30:13","date_gmt":"2021-01-02T15:30:13","guid":{"rendered":"http:\/\/spinning.com.tr\/quality-2\/"},"modified":"2025-12-28T15:22:27","modified_gmt":"2025-12-28T15:22:27","slug":"hr-policy","status":"publish","type":"page","link":"https:\/\/spinning.com.tr\/tr\/hr-policy\/","title":{"rendered":"\u0130nsan Kaynaklar\u0131 Politikam\u0131z"},"content":{"rendered":"<div data-vc-full-width=\"true\" data-vc-full-width-init=\"false\" class=\"vc_row wpb_row vc_row-fluid about-section about-page vc_custom_1531366134122\"><div class=\"wpb_column vc_column_container vc_col-sm-12\"><div class=\"vc_column-inner\"><div class=\"wpb_wrapper\">\n<div class=\"sec-title\">\n\t<div class=\"tag-line\">Working globally since 1990<\/div><!-- \/.tag-line -->\n\t<h2><\/p>\n<h2><span style=\"color: #339966\"><span style=\"color: #000000\">spinning.com.tr<\/span> <span style=\"color: #000000\">|<\/span> clover<span style=\"color: #ff0000\">\u00ae<\/span><\/span><\/h2>\n<p><\/h2>\n<\/div>\n<div class=\"vc_empty_space\"   style=\"height: 30px\"><span class=\"vc_empty_space_inner\"><\/span><\/div>\n\t<div class=\"wpb_text_column wpb_content_element\" >\n\t\t<div class=\"wpb_wrapper\">\n\t\t\t<p data-start=\"211\" data-end=\"423\">At <span style=\"color: #339966;\"><strong><span style=\"color: #000000;\">spinning.com.tr<\/span> <span style=\"color: #000000;\">|<\/span> clover<\/strong><\/span>, we recognize that our employees are our most valuable asset in achieving organizational objectives, establishing effective systems, and realizing our vision, mission, and values.<\/p>\n<p data-start=\"425\" data-end=\"655\">Our Human Resources Policy is designed to demonstrate our commitment to our employees and business partners by promoting fair, transparent, and sustainable employment practices that support mutual growth and long-term cooperation.<\/p>\n<p data-start=\"657\" data-end=\"814\">We are committed to maintaining high standards in human resources management through continuous improvement of our policies, practices, and internal systems.<\/p>\n<p data-start=\"816\" data-end=\"1006\">To ensure that our human resources approach remains current and effective, we have established a structured and dynamic HR system that supports organizational needs and employee development.<\/p>\n<p data-start=\"1008\" data-end=\"1197\">As the company continues to grow in terms of operations, locations, and areas of activity, we continuously adapt and improve our human resources systems to respond to evolving requirements.<\/p>\n<p data-start=\"1199\" data-end=\"1409\">These systems are regularly reviewed and refined to support employee motivation, performance, and professional development throughout their employment lifecycle, from onboarding to long-term career progression.<\/p>\n\n\t\t<\/div>\n\t<\/div>\n<\/div><\/div><\/div><\/div><div class=\"vc_row-full-width vc_clearfix\"><\/div><div data-vc-full-width=\"true\" data-vc-full-width-init=\"false\" class=\"vc_row wpb_row vc_row-fluid mission-history-area vc_custom_1531366187529\"><div class=\"sec-title wpb_column vc_column_container vc_col-sm-6\"><div class=\"vc_column-inner\"><div class=\"wpb_wrapper\">\n\t<div class=\"wpb_text_column wpb_content_element\" >\n\t\t<div class=\"wpb_wrapper\">\n\t\t\t<h3>Amac\u0131m\u0131z<\/h3>\n<div class=\"line\"><\/div>\n\n\t\t<\/div>\n\t<\/div>\n\n\t<div class=\"wpb_text_column wpb_content_element  misson-content\" >\n\t\t<div class=\"wpb_wrapper\">\n\t\t\t<p>Marka imaj\u0131m\u0131z\u0131 en \u00fcst seviyede devam ettirmek i\u00e7in, kaliteyi en \u00f6nde tutarak, en uygun fiyata en iyi hizmet vermek.<\/p>\n<p>M\u00fcmk\u00fcn olan en iyi m\u00fc\u015fteri hizmetini sa\u011flamak.<\/p>\n<p>Daha geni\u015f vizyona ula\u015fmak ve bu vizyonu s\u00fcrd\u00fcrmek i\u00e7in yeni ortakl\u0131klar kurmak.<\/p>\n\n\t\t<\/div>\n\t<\/div>\n\n\t<div class=\"wpb_text_column wpb_content_element\" >\n\t\t<div class=\"wpb_wrapper\">\n\t\t\t<h3>S\u00f6z\u00fcm\u00fcz<\/h3>\n<div class=\"line\"><\/div>\n\n\t\t<\/div>\n\t<\/div>\n\n\t<div class=\"wpb_text_column wpb_content_element\" >\n\t\t<div class=\"wpb_wrapper\">\n\t\t\t<p>\u0130\u015f hayat\u0131na kalite ve s\u00fcrd\u00fcr\u00fclebilirlik getirmek.<\/p>\n\n\t\t<\/div>\n\t<\/div>\n<\/div><\/div><\/div><div class=\"sec-title wpb_column vc_column_container vc_col-sm-6\"><div class=\"vc_column-inner\"><div class=\"wpb_wrapper\">\n\t<div class=\"wpb_text_column wpb_content_element\" >\n\t\t<div class=\"wpb_wrapper\">\n\t\t\t<h3 style=\"text-align: left;\">De\u011ferlerimiz<\/h3>\n<div class=\"line\" style=\"text-align: left;\"><\/div>\n\n\t\t<\/div>\n\t<\/div>\n\n\t<div class=\"wpb_text_column wpb_content_element  misson-content\" >\n\t\t<div class=\"wpb_wrapper\">\n\t\t\t<ul>\n<li style=\"text-align: left;\"><span style=\"color: #ffffff;\">Adil\u00a0<\/span><span style=\"color: #ffffff;\">Ticaret<\/span><\/li>\n<li style=\"text-align: left;\"><span style=\"color: #ffffff;\">\u00d6zen<\/span><\/li>\n<li style=\"text-align: left;\"><span style=\"color: #ffffff;\">D\u00fcr\u00fcstl\u00fck<\/span><\/li>\n<li style=\"text-align: left;\"><span style=\"letter-spacing: 0.48px; color: #ffffff;\">B\u00fct\u00fcnl\u00fck<\/span><\/li>\n<li style=\"text-align: left;\"><span style=\"letter-spacing: 0.48px; color: #ffffff;\">Sayg\u0131<\/span><\/li>\n<li style=\"text-align: left;\"><span style=\"letter-spacing: 0.48px; color: #ffffff;\">Sorumluluk<\/span><\/li>\n<\/ul>\n\n\t\t<\/div>\n\t<\/div>\n\n\t<div class=\"wpb_text_column wpb_content_element\" >\n\t\t<div class=\"wpb_wrapper\">\n\t\t\t<h3>Vizyonumuz<\/h3>\n<div class=\"line\"><\/div>\n\n\t\t<\/div>\n\t<\/div>\n\n\t<div class=\"wpb_text_column wpb_content_element\" >\n\t\t<div class=\"wpb_wrapper\">\n\t\t\t<p>\u00dcretim ve servis \u00e7\u00f6z\u00fcmleri i\u00e7in en g\u00fcvenilir i\u015f orta\u011f\u0131 olmak.<\/p>\n\n\t\t<\/div>\n\t<\/div>\n<\/div><\/div><\/div><\/div><div class=\"vc_row-full-width vc_clearfix\"><\/div><div data-vc-full-width=\"true\" data-vc-full-width-init=\"false\" class=\"vc_row wpb_row vc_row-fluid\"><div class=\"wpb_column vc_column_container vc_col-sm-12\"><div class=\"vc_column-inner\"><div class=\"wpb_wrapper\"><div class=\"vc_empty_space\"   style=\"height: 50px\"><span class=\"vc_empty_space_inner\"><\/span><\/div><\/div><\/div><\/div><\/div><div class=\"vc_row-full-width vc_clearfix\"><\/div><div data-vc-full-width=\"true\" data-vc-full-width-init=\"false\" class=\"vc_row wpb_row vc_row-fluid\"><div class=\"wpb_column vc_column_container vc_col-sm-3\"><div class=\"vc_column-inner\"><div class=\"wpb_wrapper\">\n\t<div class=\"wpb_text_column wpb_content_element\" >\n\t\t<div class=\"wpb_wrapper\">\n\t\t\t<h2>S\u00f6z\u00fcm\u00fcz<\/h2>\n<div class=\"line\"><\/div>\n\n\t\t<\/div>\n\t<\/div>\n\n\t<div class=\"wpb_text_column wpb_content_element\" >\n\t\t<div class=\"wpb_wrapper\">\n\t\t\t<p>&#8220;<span style=\"color: #339966;\"><span style=\"color: #000000;\">spinning.com.tr<\/span> <span style=\"color: #000000;\">|<\/span> clover<span style=\"color: #ff0000;\">\u00ae<span style=\"color: #000000;\">&#8220;<\/span><\/span><\/span> olarak i\u015f ortaklar\u0131m\u0131za en kaliteli \u00fcr\u00fcn ve hizmeti sa\u011flamay\u0131 taahh\u00fct ederiz.<\/p>\n\n\t\t<\/div>\n\t<\/div>\n<\/div><\/div><\/div><div class=\"wpb_column vc_column_container vc_col-sm-3\"><div class=\"vc_column-inner\"><div class=\"wpb_wrapper\">\n\t<div class=\"wpb_text_column wpb_content_element\" >\n\t\t<div class=\"wpb_wrapper\">\n\t\t\t<p style=\"text-align: center;\"><span style=\"color: #339966;\"><span style=\"color: #000000;\">spinning.com.tr<\/span> <span style=\"color: #000000;\">|<\/span> clover<span style=\"color: #ff0000;\">\u00ae<\/span><\/span><\/p>\n<p style=\"text-align: center;\">olarak m\u00fc\u015fterilerimizin \u00fcr\u00fcnlerini en y\u00fcksek kalite ile pazara sunabilmelerini sa\u011flamak \u00fczere dahil oldu\u011fumuz sekt\u00f6rler \u00e7er\u00e7evesinde en do\u011fru \u00fcretimi yapmak ve sunmakt\u0131r.<\/p>\n\n\t\t<\/div>\n\t<\/div>\n<\/div><\/div><\/div><div class=\"wpb_column vc_column_container vc_col-sm-3\"><div class=\"vc_column-inner\"><div class=\"wpb_wrapper\">\n\t<div class=\"wpb_text_column wpb_content_element\" >\n\t\t<div class=\"wpb_wrapper\">\n\t\t\t<p style=\"text-align: center;\"><span style=\"color: #339966;\"><span style=\"color: #000000;\">spinning.com.tr<\/span> <span style=\"color: #000000;\">|<\/span> clover<span style=\"color: #ff0000;\">\u00ae<\/span><\/span><\/p>\n<div style=\"text-align: center;\">olarak her bir i\u015f orta\u011f\u0131m\u0131z\u0131n iyi \u00fcr\u00fcn ve hizmet almas\u0131n\u0131 sa\u011flamak asli g\u00f6revimizdir.<\/div>\n<div style=\"text-align: center;\">Bu nedenle, bizimle i\u015f yapt\u0131\u011f\u0131n\u0131z her zaman beklentilerinizin kar\u015f\u0131land\u0131\u011f\u0131ndan emin olman\u0131za yard\u0131mc\u0131 olacak bir M\u00fc\u015fteri Hizmetleri Taahh\u00fcd\u00fcm\u00fcz var.<\/div>\n\n\t\t<\/div>\n\t<\/div>\n<\/div><\/div><\/div><div class=\"wpb_column vc_column_container vc_col-sm-3\"><div class=\"vc_column-inner\"><div class=\"wpb_wrapper\">\n\t<div class=\"wpb_text_column wpb_content_element\" >\n\t\t<div class=\"wpb_wrapper\">\n\t\t\t<p style=\"text-align: center;\"><span style=\"color: #339966;\"><span style=\"color: #000000;\">spinning.com.tr<\/span> <span style=\"color: #000000;\">|<\/span> clover<span style=\"color: #ff0000;\">\u00ae<\/span><\/span><\/p>\n<div class=\"main-content__excerpt body-01\" style=\"text-align: center;\">\n<p>olarak etik anlamda ve ge\u00e7erli t\u00fcm yasalara uygun olarak, kurumsal \u015feffafl\u0131k ve b\u00fct\u00fcnl\u00fck k\u00fclt\u00fcr\u00fc ile hizmet verece\u011fiz. <span style=\"letter-spacing: 0.03em;\">Bu de\u011ferler, \u00e7al\u0131\u015fanlar\u0131m\u0131z i\u00e7in ana rehberdir ve rekabet\u00e7i bir pazarda i\u015fimizi s\u00fcrd\u00fcrmemiz i\u00e7in \u00e7ok \u00f6nemlidir.<\/span><\/p>\n<\/div>\n\n\t\t<\/div>\n\t<\/div>\n<\/div><\/div><\/div><\/div><div class=\"vc_row-full-width vc_clearfix\"><\/div><div data-vc-full-width=\"true\" data-vc-full-width-init=\"false\" class=\"vc_row wpb_row vc_row-fluid\"><div class=\"wpb_column vc_column_container vc_col-sm-12\"><div class=\"vc_column-inner\"><div class=\"wpb_wrapper\"><div class=\"vc_empty_space\"   style=\"height: 50px\"><span class=\"vc_empty_space_inner\"><\/span><\/div><\/div><\/div><\/div><\/div><div class=\"vc_row-full-width vc_clearfix\"><\/div><div data-vc-full-width=\"true\" data-vc-full-width-init=\"false\" class=\"vc_row wpb_row vc_row-fluid fun-fact-area dark-v vc_custom_1532091802187\"><div class=\"wpb_column vc_column_container vc_col-sm-3\"><div class=\"vc_column-inner vc_custom_1531118161332\"><div class=\"wpb_wrapper\">\n\t<div class=\"wpb_text_column wpb_content_element\" >\n\t\t<div class=\"wpb_wrapper\">\n\t\t\t<h3 class=\"title\">Kurulu\u015f.<br \/>\n1990<\/h3>\n\n\t\t<\/div>\n\t<\/div>\n<\/div><\/div><\/div><div class=\"wpb_column vc_column_container vc_col-sm-3\"><div class=\"vc_column-inner vc_custom_1531117825631\"><div class=\"wpb_wrapper\"><div class=\"single-fun-fact\">\n\t<div class=\"line\"><\/div><!-- \/.line -->\n\t<span class=\"number\"><\/span>\n\t<span class=\"number counter\">35<\/span>\n\t<p>. Faaliyet Y\u0131l\u0131<\/p>\n<\/div><\/div><\/div><\/div><div class=\"wpb_column vc_column_container vc_col-sm-3\"><div class=\"vc_column-inner vc_custom_1531117832989\"><div class=\"wpb_wrapper\"><div class=\"single-fun-fact\">\n\t<div class=\"line\"><\/div><!-- \/.line -->\n\t<span class=\"number\"><\/span>\n\t<span class=\"number counter\">100%<\/span>\n\t<p>m\u00fc\u015fteri memnuniyeti.<\/p>\n<\/div><\/div><\/div><\/div><div class=\"wpb_column vc_column_container vc_col-sm-3\"><div class=\"vc_column-inner vc_custom_1531117837291\"><div class=\"wpb_wrapper\"><div class=\"single-fun-fact\">\n\t<div class=\"line\"><\/div><!-- \/.line -->\n\t<span class=\"number\"><\/span>\n\t<span class=\"number counter\">7\/24<\/span>\n\t<p>G\u00f6revdeyiz.<\/p>\n<\/div><\/div><\/div><\/div><\/div><div class=\"vc_row-full-width vc_clearfix\"><\/div><div data-vc-full-width=\"true\" data-vc-full-width-init=\"false\" class=\"vc_row wpb_row vc_row-fluid advisor-area home-page-two sec-pad vc_custom_1531366648532 vc_row-has-fill\"><div class=\"wpb_column vc_column_container vc_col-sm-3\"><div class=\"vc_column-inner\"><div class=\"wpb_wrapper\"><\/div><\/div><\/div><div class=\"sec-title two wpb_column vc_column_container vc_col-sm-3\"><div class=\"vc_column-inner\"><div class=\"wpb_wrapper\"><\/div><\/div><\/div><div class=\"wpb_column vc_column_container vc_col-sm-3\"><div class=\"vc_column-inner\"><div class=\"wpb_wrapper\"><\/div><\/div><\/div><div class=\"wpb_column vc_column_container vc_col-sm-3\"><div class=\"vc_column-inner\"><div class=\"wpb_wrapper\"><\/div><\/div><\/div><\/div><div class=\"vc_row-full-width vc_clearfix\"><\/div>","protected":false},"excerpt":{"rendered":"Working globally since 1990 spinning.com.tr | clover\u00ae At spinning.com.tr | clover, we recognize that our employees are our most valuable asset in achieving organizational objectives, establishing effective systems, and realizing our vision, mission, and values. Our Human Resources Policy is designed to demonstrate our commitment to our employees and business partners by promoting fair, transparent, [...]","protected":false},"author":1,"featured_media":0,"parent":0,"menu_order":0,"comment_status":"closed","ping_status":"closed","template":"","meta":{"footnotes":""},"class_list":["post-3936","page","type-page","status-publish","hentry"],"_links":{"self":[{"href":"https:\/\/spinning.com.tr\/tr\/wp-json\/wp\/v2\/pages\/3936","targetHints":{"allow":["GET"]}}],"collection":[{"href":"https:\/\/spinning.com.tr\/tr\/wp-json\/wp\/v2\/pages"}],"about":[{"href":"https:\/\/spinning.com.tr\/tr\/wp-json\/wp\/v2\/types\/page"}],"author":[{"embeddable":true,"href":"https:\/\/spinning.com.tr\/tr\/wp-json\/wp\/v2\/users\/1"}],"replies":[{"embeddable":true,"href":"https:\/\/spinning.com.tr\/tr\/wp-json\/wp\/v2\/comments?post=3936"}],"version-history":[{"count":15,"href":"https:\/\/spinning.com.tr\/tr\/wp-json\/wp\/v2\/pages\/3936\/revisions"}],"predecessor-version":[{"id":4869,"href":"https:\/\/spinning.com.tr\/tr\/wp-json\/wp\/v2\/pages\/3936\/revisions\/4869"}],"wp:attachment":[{"href":"https:\/\/spinning.com.tr\/tr\/wp-json\/wp\/v2\/media?parent=3936"}],"curies":[{"name":"wp","href":"https:\/\/api.w.org\/{rel}","templated":true}]}}