{"id":3952,"date":"2021-01-02T17:26:47","date_gmt":"2021-01-02T17:26:47","guid":{"rendered":"http:\/\/spinning.com.tr\/about-2\/"},"modified":"2025-12-29T07:37:07","modified_gmt":"2025-12-29T07:37:07","slug":"vision-mission","status":"publish","type":"page","link":"https:\/\/spinning.com.tr\/tr\/vision-mission\/","title":{"rendered":"Vizyonumuz &amp; Misyonumuz"},"content":{"rendered":"<div data-vc-full-width=\"true\" data-vc-full-width-init=\"false\" class=\"vc_row wpb_row vc_row-fluid about-section about-page vc_custom_1531366134122\"><div class=\"wpb_column vc_column_container vc_col-sm-12\"><div class=\"vc_column-inner\"><div class=\"wpb_wrapper\">\n<div class=\"sec-title\">\n\t<div class=\"tag-line\">Pioneering Sustainability and Quality Since 1990<\/div><!-- \/.tag-line -->\n\t<h2><\/p>\n<h2><span style=\"color: #339966\"><span style=\"color: #000000\">spinning.com.tr<\/span> <span style=\"color: #000000\">|<\/span> clover<span style=\"color: #ff0000\">\u00ae<\/span><\/span><\/h2>\n<p><\/h2>\n<\/div>\n<div class=\"vc_empty_space\"   style=\"height: 30px\"><span class=\"vc_empty_space_inner\"><\/span><\/div><\/div><\/div><\/div><\/div><div class=\"vc_row-full-width vc_clearfix\"><\/div><div data-vc-full-width=\"true\" data-vc-full-width-init=\"false\" class=\"vc_row wpb_row vc_row-fluid mission-history-area vc_custom_1531366187529\"><div class=\"sec-title wpb_column vc_column_container vc_col-sm-6\"><div class=\"vc_column-inner\"><div class=\"wpb_wrapper\">\n\t<div class=\"wpb_text_column wpb_content_element\" >\n\t\t<div class=\"wpb_wrapper\">\n\t\t\t<h3>Amac\u0131m\u0131z<\/h3>\n<div class=\"line\"><\/div>\n\n\t\t<\/div>\n\t<\/div>\n\n\t<div class=\"wpb_text_column wpb_content_element  misson-content\" >\n\t\t<div class=\"wpb_wrapper\">\n\t\t\t<p data-start=\"547\" data-end=\"690\"><span style=\"color: #ffffff;\">To deliver high-quality recycled and virgin open-end yarns through responsible manufacturing, transparent processes, and reliable partnerships.<\/span><\/p>\n<p data-start=\"692\" data-end=\"829\"><span style=\"color: #ffffff;\">We aim to support our customers\u2019 production needs by combining quality, consistency, and sustainability in every stage of our operations.<\/span><\/p>\n<p data-start=\"831\" data-end=\"984\"><span style=\"color: #ffffff;\">By integrating ethical practices and continuous improvement into our business, we strive to add long-term value to our partners and the textile industry.<\/span><\/p>\n\n\t\t<\/div>\n\t<\/div>\n\n\t<div class=\"wpb_text_column wpb_content_element\" >\n\t\t<div class=\"wpb_wrapper\">\n\t\t\t<p>\u0130\u015f hayat\u0131na kalite ve s\u00fcrd\u00fcr\u00fclebilirlik getirmek.<\/p>\n\n\t\t<\/div>\n\t<\/div>\n<\/div><\/div><\/div><div class=\"sec-title wpb_column vc_column_container vc_col-sm-6\"><div class=\"vc_column-inner\"><div class=\"wpb_wrapper\">\n\t<div class=\"wpb_text_column wpb_content_element\" >\n\t\t<div class=\"wpb_wrapper\">\n\t\t\t<h3>Vizyonumuz<\/h3>\n<div class=\"line\"><\/div>\n\n\t\t<\/div>\n\t<\/div>\n\n\t<div class=\"wpb_text_column wpb_content_element\" >\n\t\t<div class=\"wpb_wrapper\">\n\t\t\t<ul>\n<li data-start=\"1013\" data-end=\"1080\"><span style=\"color: #ffffff;\">To be a trusted global manufacturer in sustainable yarn production.<\/span><\/li>\n<li data-start=\"1083\" data-end=\"1172\"><span style=\"color: #ffffff;\">To set the standard for quality, reliability, and responsibility in textile partnerships.<\/span><\/li>\n<li data-start=\"1175\" data-end=\"1251\"><span style=\"color: #ffffff;\">To connect sustainability and performance through responsible manufacturing.<\/span><\/li>\n<li data-start=\"1254\" data-end=\"1334\"><span style=\"color: #ffffff;\">To contribute to a more transparent and sustainable global textile supply chain.<\/span><\/li>\n<\/ul>\n\n\t\t<\/div>\n\t<\/div>\n<\/div><\/div><\/div><\/div><div class=\"vc_row-full-width vc_clearfix\"><\/div><div data-vc-full-width=\"true\" data-vc-full-width-init=\"false\" class=\"vc_row wpb_row vc_row-fluid\"><div class=\"wpb_column vc_column_container vc_col-sm-12\"><div class=\"vc_column-inner\"><div class=\"wpb_wrapper\"><div class=\"vc_empty_space\"   style=\"height: 50px\"><span class=\"vc_empty_space_inner\"><\/span><\/div><\/div><\/div><\/div><\/div><div class=\"vc_row-full-width vc_clearfix\"><\/div><div data-vc-full-width=\"true\" data-vc-full-width-init=\"false\" class=\"vc_row wpb_row vc_row-fluid fun-fact-area dark-v vc_custom_1532091802187\"><div class=\"wpb_column vc_column_container vc_col-sm-3\"><div class=\"vc_column-inner vc_custom_1531118161332\"><div class=\"wpb_wrapper\">\n\t<div class=\"wpb_text_column wpb_content_element\" >\n\t\t<div class=\"wpb_wrapper\">\n\t\t\t<h3 class=\"title\">Kurulu\u015f.<br \/>\n1990<\/h3>\n\n\t\t<\/div>\n\t<\/div>\n<\/div><\/div><\/div><div class=\"wpb_column vc_column_container vc_col-sm-3\"><div class=\"vc_column-inner vc_custom_1531117825631\"><div class=\"wpb_wrapper\"><div class=\"single-fun-fact\">\n\t<div class=\"line\"><\/div><!-- \/.line -->\n\t<span class=\"number\"><\/span>\n\t<span class=\"number counter\">35<\/span>\n\t<p>. Faaliyet Y\u0131l\u0131<\/p>\n<\/div><\/div><\/div><\/div><div class=\"wpb_column vc_column_container vc_col-sm-3\"><div class=\"vc_column-inner vc_custom_1531117832989\"><div class=\"wpb_wrapper\"><div class=\"single-fun-fact\">\n\t<div class=\"line\"><\/div><!-- \/.line -->\n\t<span class=\"number\"><\/span>\n\t<span class=\"number counter\">100%<\/span>\n\t<p>m\u00fc\u015fteri memnuniyeti.<\/p>\n<\/div><\/div><\/div><\/div><div class=\"wpb_column vc_column_container vc_col-sm-3\"><div class=\"vc_column-inner vc_custom_1531117837291\"><div class=\"wpb_wrapper\"><div class=\"single-fun-fact\">\n\t<div class=\"line\"><\/div><!-- \/.line -->\n\t<span class=\"number\"><\/span>\n\t<span class=\"number counter\">7\/24<\/span>\n\t<p>G\u00f6revdeyiz.<\/p>\n<\/div><\/div><\/div><\/div><\/div><div class=\"vc_row-full-width vc_clearfix\"><\/div><div data-vc-full-width=\"true\" data-vc-full-width-init=\"false\" class=\"vc_row wpb_row vc_row-fluid advisor-area home-page-two sec-pad vc_custom_1531366648532 vc_row-has-fill\"><div class=\"wpb_column vc_column_container vc_col-sm-3\"><div class=\"vc_column-inner\"><div class=\"wpb_wrapper\"><\/div><\/div><\/div><div class=\"sec-title two wpb_column vc_column_container vc_col-sm-3\"><div class=\"vc_column-inner\"><div class=\"wpb_wrapper\"><\/div><\/div><\/div><div class=\"wpb_column vc_column_container vc_col-sm-3\"><div class=\"vc_column-inner\"><div class=\"wpb_wrapper\"><\/div><\/div><\/div><div class=\"wpb_column vc_column_container vc_col-sm-3\"><div class=\"vc_column-inner\"><div class=\"wpb_wrapper\"><\/div><\/div><\/div><\/div><div class=\"vc_row-full-width vc_clearfix\"><\/div>","protected":false},"excerpt":{"rendered":"Pioneering Sustainability and Quality Since 1990 spinning.com.tr | clover\u00ae Our Mission To deliver high-quality recycled and virgin open-end yarns through responsible manufacturing, transparent processes, and reliable partnerships. We aim to support our customers\u2019 production needs by combining quality, consistency, and sustainability in every stage of our operations. By integrating ethical practices and continuous improvement into [...]","protected":false},"author":1,"featured_media":0,"parent":0,"menu_order":0,"comment_status":"closed","ping_status":"closed","template":"","meta":{"footnotes":""},"class_list":["post-3952","page","type-page","status-publish","hentry"],"_links":{"self":[{"href":"https:\/\/spinning.com.tr\/tr\/wp-json\/wp\/v2\/pages\/3952","targetHints":{"allow":["GET"]}}],"collection":[{"href":"https:\/\/spinning.com.tr\/tr\/wp-json\/wp\/v2\/pages"}],"about":[{"href":"https:\/\/spinning.com.tr\/tr\/wp-json\/wp\/v2\/types\/page"}],"author":[{"embeddable":true,"href":"https:\/\/spinning.com.tr\/tr\/wp-json\/wp\/v2\/users\/1"}],"replies":[{"embeddable":true,"href":"https:\/\/spinning.com.tr\/tr\/wp-json\/wp\/v2\/comments?post=3952"}],"version-history":[{"count":21,"href":"https:\/\/spinning.com.tr\/tr\/wp-json\/wp\/v2\/pages\/3952\/revisions"}],"predecessor-version":[{"id":4901,"href":"https:\/\/spinning.com.tr\/tr\/wp-json\/wp\/v2\/pages\/3952\/revisions\/4901"}],"wp:attachment":[{"href":"https:\/\/spinning.com.tr\/tr\/wp-json\/wp\/v2\/media?parent=3952"}],"curies":[{"name":"wp","href":"https:\/\/api.w.org\/{rel}","templated":true}]}}